{"id":3,"date":"2023-09-11T13:53:36","date_gmt":"2023-09-11T11:53:36","guid":{"rendered":"http:\/\/atlas-rivieres.bzh\/?page_id=3"},"modified":"2023-09-15T11:47:14","modified_gmt":"2023-09-15T09:47:14","slug":"politique-de-confidentialite","status":"publish","type":"page","link":"https:\/\/atlas-rivieres.bzh\/index.php\/politique-de-confidentialite\/","title":{"rendered":"Mentions l\u00e9gales"},"content":{"rendered":"\n<h2 class=\"wp-block-heading\">Pr\u00e9ambule<\/h2>\n\n\n\n<p>Vous \u00eates actuellement connect\u00e9(e) sur le site Internet Atlas des rivi\u00e8res de Bretagne \u00e9dit\u00e9 par L&rsquo;<a href=\"https:\/\/www.appcb.fr\/\" data-type=\"link\" data-id=\"https:\/\/www.appcb.fr\/\">APPCB<\/a>.<\/p>\n\n\n\n<p>L&rsquo;utilisateur d\u00e9clare avoir pris connaissance des informations ci-dessous avant la visite du site. En choisissant d&rsquo;acc\u00e9der au site, l&rsquo;utilisateur accepte express\u00e9ment et irr\u00e9vocablement, les termes ci-apr\u00e8s.<\/p>\n\n\n\n<h2 class=\"wp-block-heading\">Responsabilit\u00e9s<\/h2>\n\n\n\n<p>La soci\u00e9t\u00e9 d\u00e9cline toute responsabilit\u00e9 quant au contenu des sites propos\u00e9s en liens. Quelque soit le type de lien \u00e9tabli \u00e0 partir d&rsquo;un site Internet ext\u00e9rieur, dit \u201csite liant\u201d, vers celui de l&rsquo;Atlas des rivi\u00e8res de Bretagne, cette derni\u00e8re se r\u00e9serve le droit de s&rsquo;opposer \u00e0 son \u00e9tablissement.<\/p>\n\n\n\n<h2 class=\"wp-block-heading\">\u00c9diteur<\/h2>\n\n\n\n<ul class=\"wp-block-list\">\n<li>D\u00e9nomination sociale : D\u00e9nomination sociale : APPCB &#8211; Assembl\u00e9e Permanente des Pr\u00e9sidents des Commissions locales de l&rsquo;eau de Bretagne &#8211; Association loi 1901 &#8211; 06 03 60 30 19,<\/li>\n\n\n\n<li>Si\u00e8ge social : Vall\u00e9e du Blavet, 2 bis Kermarec &#8211; 56150 BAUD,<\/li>\n\n\n\n<li>Identification TVA : Association loi 1901,<\/li>\n\n\n\n<li>Directeur de la publication : Soazic Dhorne, Coordinatrice,<\/li>\n\n\n\n<li>Contact : \u00a0<a href=\"mailto:coordination@appcb.fr\">coordination@appcb.fr<\/a>.<\/li>\n<\/ul>\n\n\n\n<h2 class=\"wp-block-heading\">Cr\u00e9dits<\/h2>\n\n\n\n<p>Le site rend cr\u00e9dit \u00e0 :<\/p>\n\n\n\n<ul class=\"wp-block-list\">\n<li>R\u00e9alisation du site Internet : <a href=\"http:\/\/www.lunaweb.fr\/\">LunaWeb, Agence de design UX<\/a>,<\/li>\n\n\n\n<li>Photos : \u00a9 <mark style=\"background-color:#fcb900\" class=\"has-inline-color has-black-color\">[Nom des photographes \u00e0 remplir].<\/mark><\/li>\n\n\n\n<li>H\u00e9bergement : OVH, 2 Rue Kellermann, 59100 Roubaix.<\/li>\n<\/ul>\n\n\n\n<h2 class=\"wp-block-heading\">Droits d&rsquo;auteur<\/h2>\n\n\n\n<p>Les photographies, textes, slogans, dessins, images, vid\u00e9os, s\u00e9quences anim\u00e9es sonores ou non ainsi que toutes \u0153uvres int\u00e9gr\u00e9es dans le site sont la propri\u00e9t\u00e9 de l&rsquo;APPCB ou de tiers ayant autoris\u00e9 l&rsquo;APPCB \u00e0 les utiliser. Les logos, ic\u00f4nes et puces graphiques repr\u00e9sent\u00e9s sur le site sont prot\u00e9g\u00e9s au titre des droits d&rsquo;auteur et des articles L.511.1 et suivants du Code de la Propri\u00e9t\u00e9 Intellectuelle relatifs \u00e0 la protection des mod\u00e8les d\u00e9pos\u00e9s. Les reproductions, sur un support papier ou informatique, dudit site et des \u0153uvres qui y sont reproduites sont autoris\u00e9es sous r\u00e9serve qu&rsquo;elles soient strictement r\u00e9serv\u00e9es \u00e0 un usage personnel excluant tout usage \u00e0 des fins publicitaires et\/ou commerciales, et\/ou d&rsquo;information et\/ou qu&rsquo;elles soient conformes aux dispositions de l&rsquo;article L.122-5 du Code de la Propri\u00e9t\u00e9 Intellectuelle.\u00a0<\/p>\n\n\n\n<p>\u00c0 l&rsquo;exception des dispositions ci-dessus, toute reproduction, repr\u00e9sentation, utilisation ou modification, par quelque proc\u00e9d\u00e9 que ce soit et sur quelque support que ce soit, de tout ou partie du site, de tout ou partie des diff\u00e9rentes \u0153uvres qui le composent, sans avoir obtenu l&rsquo;autorisation pr\u00e9alable de L&rsquo;APPCB est strictement interdite et constitue un d\u00e9lit de contrefa\u00e7on et peut donner suite \u00e0 des poursuites judiciaires civiles et\/ou p\u00e9nales et au paiement de dommages et int\u00e9r\u00eats.<\/p>\n\n\n\n<h2 class=\"wp-block-heading\">Protection des donn\u00e9es \u00e0 caract\u00e8re personnel<\/h2>\n\n\n\n<p>L&rsquo;APPCB pourra \u00eatre amen\u00e9 \u00e0 collecter et traiter des donn\u00e9es \u00e0 caract\u00e8re personnel concernant l&rsquo;Utilisateur, de mani\u00e8re conforme au R\u00e8glement UE n\u00b02016\/679 du 27\/04\/2016 (ou RGPD, ou R\u00e8glement G\u00e9n\u00e9ral sur la Protection des Donn\u00e9es).<\/p>\n\n\n\n<p>\u00c0 ce titre, l&rsquo;APPCB est Responsable du traitement des donn\u00e9es de l\u2019Utilisateur, et peut \u00eatre contact\u00e9 aux coordonn\u00e9es suivantes :\u00a0<\/p>\n\n\n\n<p><mark style=\"background-color:#fcb900\" class=\"has-inline-color\"><strong>\u00c0 compl\u00e9ter par <\/strong>l&rsquo;APPCB<\/mark><\/p>\n\n\n\n<p>Le D\u00e9l\u00e9gu\u00e9 \u00e0 la Protection des Donn\u00e9es de <mark style=\"background-color:#fcb900\" class=\"has-inline-color\"><strong> <\/strong>l&rsquo;APPCB<\/mark> <mark style=\"background-color:#fcb900\" class=\"has-inline-color\">est [\u00e0 remplir]<\/mark>. Il peut \u00eatre joint aux coordonn\u00e9es suivantes :\u00a0<\/p>\n\n\n\n<p><mark style=\"background-color:#fcb900\" class=\"has-inline-color\"><strong>\u00c0 compl\u00e9ter par <\/strong>l&rsquo;APPCB<\/mark><\/p>\n\n\n\n<p>En communiquant ses donn\u00e9es, l\u2019Utilisateur peut permettre \u00e0 l&rsquo;APPCB de :<\/p>\n\n\n\n<ul class=\"wp-block-list\">\n<li>le recontacter pour r\u00e9pondre \u00e0 ses demandes,<\/li>\n\n\n\n<li>lui envoyer des informations relatives \u00e0 la sortie de nouveaux sites li\u00e9s \u00e0 la th\u00e9matique principale de l&rsquo;Atlas des rivi\u00e8res de Bretagne.<\/li>\n<\/ul>\n\n\n\n<p>Afin d\u2019assurer le bon fonctionnement et la s\u00e9curit\u00e9 du Site, certaines donn\u00e9es de navigation sont collect\u00e9es dans des fichiers de logs et des cookies.<\/p>\n\n\n\n<p>Concernant toutes ses donn\u00e9es \u00e0 caract\u00e8re personnel, l&rsquo;Utilisateur dispose de droits de retrait du consentement, d&rsquo;acc\u00e8s, de rectification, \u00e0 l\u2019effacement, de limitation du traitement, d\u2019opposition et de portabilit\u00e9. L\u2019Utilisateur peut exercer tout ou une partie de ses droits \u00e0 tout moment en contactant le Responsable du traitement.<\/p>\n\n\n\n<p>D\u2019autre part, l\u2019Utilisateur a un droit de r\u00e9clamation aupr\u00e8s de la CNIL et un droit de recours juridictionnel contre l&rsquo;APPCB s\u2019il consid\u00e8re que les droits que lui conf\u00e8re le R\u00e8glement ont \u00e9t\u00e9 viol\u00e9s.<\/p>\n\n\n\n<p>L&rsquo;APPCB s\u2019engage \u00e0 pr\u00e9server la confidentialit\u00e9 des donn\u00e9es \u00e0 caract\u00e8re personnel transmises par l\u2019Utilisateur dans le cadre de l\u2019utilisation du Site.<\/p>\n\n\n\n<p>En cas de violation de donn\u00e9es \u00e0 caract\u00e8re personnel susceptibles d&rsquo;engendrer un risque \u00e9lev\u00e9 pour les droits et libert\u00e9s de l\u2019Utilisateur, il sera pr\u00e9venu dans les meilleurs d\u00e9lais.<\/p>\n","protected":false},"excerpt":{"rendered":"<p>Pr\u00e9ambule Vous \u00eates actuellement connect\u00e9(e) sur le site Internet Atlas des rivi\u00e8res de Bretagne \u00e9dit\u00e9 par L&rsquo;APPCB. L&rsquo;utilisateur d\u00e9clare avoir pris connaissance des informations ci-dessous avant la visite du site. En choisissant d&rsquo;acc\u00e9der au site, l&rsquo;utilisateur accepte express\u00e9ment et irr\u00e9vocablement, les termes ci-apr\u00e8s. Responsabilit\u00e9s La soci\u00e9t\u00e9 d\u00e9cline toute responsabilit\u00e9 quant au contenu des sites propos\u00e9s [&hellip;]<\/p>\n","protected":false},"author":1,"featured_media":0,"parent":0,"menu_order":0,"comment_status":"closed","ping_status":"open","template":"","meta":{"footnotes":""},"class_list":["post-3","page","type-page","status-publish","hentry"],"_links":{"self":[{"href":"https:\/\/atlas-rivieres.bzh\/index.php\/wp-json\/wp\/v2\/pages\/3","targetHints":{"allow":["GET"]}}],"collection":[{"href":"https:\/\/atlas-rivieres.bzh\/index.php\/wp-json\/wp\/v2\/pages"}],"about":[{"href":"https:\/\/atlas-rivieres.bzh\/index.php\/wp-json\/wp\/v2\/types\/page"}],"author":[{"embeddable":true,"href":"https:\/\/atlas-rivieres.bzh\/index.php\/wp-json\/wp\/v2\/users\/1"}],"replies":[{"embeddable":true,"href":"https:\/\/atlas-rivieres.bzh\/index.php\/wp-json\/wp\/v2\/comments?post=3"}],"version-history":[{"count":5,"href":"https:\/\/atlas-rivieres.bzh\/index.php\/wp-json\/wp\/v2\/pages\/3\/revisions"}],"predecessor-version":[{"id":164,"href":"https:\/\/atlas-rivieres.bzh\/index.php\/wp-json\/wp\/v2\/pages\/3\/revisions\/164"}],"wp:attachment":[{"href":"https:\/\/atlas-rivieres.bzh\/index.php\/wp-json\/wp\/v2\/media?parent=3"}],"curies":[{"name":"wp","href":"https:\/\/api.w.org\/{rel}","templated":true}]}}