{"id":443,"date":"2025-06-30T16:45:55","date_gmt":"2025-06-30T14:45:55","guid":{"rendered":"https:\/\/atlas-rivieres.bzh\/?page_id=443"},"modified":"2025-06-30T17:08:30","modified_gmt":"2025-06-30T15:08:30","slug":"resource","status":"publish","type":"page","link":"https:\/\/atlas-rivieres.bzh\/index.php\/resource\/","title":{"rendered":"(Re)source"},"content":{"rendered":"\n<p>(Re)Source est une recherche-action-cr\u00e9ation propos\u00e9e par Eau &amp; Rivi\u00e8res de Bretagne, le Laboratoire Espaces et Soci\u00e9t\u00e9s de Rennes 2 et l&rsquo;Assembl\u00e9e permanente des Pr\u00e9sidents de Commissions locales de l&rsquo;eau de Bretagne, en partenariat avec les habitant.e.s et acteur.rice.s du territoire de l&rsquo;Aber Wrac&rsquo;h et du Scorff. Ce comit\u00e9 de pilotage a co-construit le projet dans le cadre du dispositif Tissage propos\u00e9 par l&rsquo;universit\u00e9 de Rennes. Apr\u00e8s un an de pr\u00e9paration, il se concr\u00e9tise depuis la rentr\u00e9e de janvier et se d\u00e9roulera jusqu&rsquo;\u00e0 la fin 2027.<\/p>\n\n\n\n<figure class=\"wp-block-embed is-type-video is-provider-youtube wp-block-embed-youtube wp-embed-aspect-16-9 wp-has-aspect-ratio\"><div class=\"wp-block-embed__wrapper\">\n<iframe loading=\"lazy\" title=\"Projet (Re)Source - Dispositif TISSAGE\" width=\"640\" height=\"360\" src=\"https:\/\/www.youtube.com\/embed\/NyVKiC7GqSE?start=54&#038;feature=oembed\" frameborder=\"0\" allow=\"accelerometer; autoplay; clipboard-write; encrypted-media; gyroscope; picture-in-picture; web-share\" referrerpolicy=\"strict-origin-when-cross-origin\" allowfullscreen><\/iframe>\n<\/div><\/figure>\n\n\n\n<h3 class=\"wp-block-heading\"><strong>Historique<\/strong><\/h3>\n\n\n\n<p>L\u2019histoire de Eau et Rivi\u00e8res de Bretagne (ERB) cr\u00e9\u00e9e par des p\u00e9cheurs amoureux de leur rivi\u00e8re et inquiet de la disparition des poissons et de l\u2019alt\u00e9ration de ces milieux de vie, a permis de comprendre que malgr\u00e9 une n\u00e9cessaire approche technique et scientifique des probl\u00e9matique de l\u2019eau, travailler le lien sensible au territoire, \u00e0 l\u2019eau et \u00e0 sa biodiversit\u00e9, \u00e9tait un levier <strong>de (re)mobilisation<\/strong><strong> citoyenne et politique <\/strong>important pour la transition \u00e9cologique.<\/p>\n\n\n\n<p>C&rsquo;est ainsi que na\u00eet l&rsquo;id\u00e9e de r\u00e9aliser des atlas socio-culturelle des rivi\u00e8res pour travailler sur les <strong>attachements au territoire et la relation aux vivants<\/strong> qui l\u2019habitent, humain et autre qu\u2019humain, ainsi qu\u2019\u00e0 l\u2019<strong>\u00e9volution de nos modes de vie <\/strong>et de nos organisations en f\u00e9d\u00e9rant des <strong>commun<\/strong><strong>a<\/strong><strong>ut\u00e9s <\/strong><strong>d\u2019int\u00e9r\u00eat <\/strong>autour de l\u2019eau qui puissent s&rsquo;impliquer dans des actions de terrain mais aussi de mani\u00e8re plus politique notamment en <strong>participant aux instances de gestion de l&rsquo;eau <\/strong>et <strong>ouvrir de nouveaux espaces de dialogue<\/strong> entre les diff\u00e9rents parties prenantes des bassins versant, habitants, usagers (dont les autres qu\u2019humains), \u00e9lu.es&#8230;<\/p>\n\n\n\n<p>Cette r\u00e9flexion croise celle de la R\u00e9gion Bretagne qui cherche \u00e0 poursuivre son accompagnement aupr\u00e8s des territoires en Bon \u00c9tat, mais aussi cr\u00e9er une culture commune autour de l&rsquo;eau, et travailler \u00e0 une appropriation de la politique de l&rsquo;eau par les citoyen\u00b7nes.<\/p>\n\n\n\n<p>Une premi\u00e8re exp\u00e9rimentation est alors men\u00e9e sur le B\u00e9lon en 2021 qui a permis de tester une m\u00e9thodologie avec des Causeries \u2013 collectage de t\u00e9moignages, et des Travers\u00e9es &#8211; balades th\u00e9matiques pour aller se (re)connecter \u00e0 la rivi\u00e8re. La m\u00e9thodologie propos\u00e9e est un guide, chacun\u00b7e est libre de l&rsquo;adapter en fonction de son territoire et de ses r\u00e9alit\u00e9s. Aujourd&rsquo;hui 5 d\u00e9marches d\u2019atlas sont en cours sur les bassins versant du B\u00e9lon, du Lapic, du L\u00e9guer, du Scorff et du Blavet jusqu\u2019\u00e0 la Rade de Lorient, et autour des Marais de Vilaine, pr\u00e9sent\u00e9s dans ce site.<\/p>\n\n\n\n<p>La mission d&rsquo;ERB est alors de coordonner la d\u00e9marche r\u00e9gionale dans une dynamique de r\u00e9seau, accompagner et renforcer les acteurs d\u00e9j\u00e0 investis mais aussi d<strong>&lsquo;essaimer la d\u00e9marche<\/strong> pour que d\u2019autres territoires s\u2019en emparent.<\/p>\n\n\n\n<h3 class=\"wp-block-heading\"><strong>Projet (Re)Source<\/strong><\/h3>\n\n\n\n<p>Ainsi, apr\u00e8s 3 ans, il nous importe de porter un regard r\u00e9trospectif et d\u2019analyser ce que ces d\u00e9marches produisent, leur freins et leviers. Que permettent-elles en terme de mobilisation citoyenne et d\u2019appropriation des enjeux de l\u2019eau&nbsp;? Permettent-elles de travailler un changement de paradigme notamment \u00e0 partir de notre relation \u00e0 nos milieux de vie et aux vivants qui l\u2019habitent? Mais aussi en terme de gouvernance notamment la place faites aux sujets qui \u00e9mergent de ces d\u00e9marches et de ceux qui les portent au sein des instances de gestion de l\u2019eau&nbsp;? Enfin, comment ERB peut continuer d\u2019accompagner au mieux ces d\u00e9marches et les territoires en continuant \u00e0 proposer des cadres d\u2019exp\u00e9rimentations&nbsp;?<\/p>\n\n\n\n<p>En effet pris dans des formats d\u2019appel \u00e0 projets, certaines d\u00e9marches d\u2019Atlas peinent \u00e0 se projeter dans la suite, mettant \u00e0 mal les dynamiques en cours de lancement. Or les objectifs vis\u00e9s par les atlas &#8211; appropriation des enjeux, mobilisation de communaut\u00e9 d\u2019acteurs, changement de paradigme dans notre relation \u00e0 l\u2019eau comme territoire et milieux de vie, \u00e9volution de la gouvernance de l\u2019eau participation et sujet \u2013 demandent du temps pour \u00eatre atteints.<\/p>\n\n\n\n<p>Par ailleurs, au cours de cette derni\u00e8re ann\u00e9e, Eau et Rivi\u00e8res a \u00e9t\u00e9 sollicit\u00e9 par de nombreux acteurs de diff\u00e9rents territoires d\u00e9sireux de lancer des d\u00e9marches culturelles pour parler des enjeux de l\u2019eau&nbsp;et qui souhaitent nous y associer : \u00ab&nbsp;R\u00e9habiter le Gou\u00ebt&nbsp;\u00bb, \u00ab&nbsp;atlas po\u00e9tique de la Rance&nbsp;\u00bb, \u00ab&nbsp;Marche des Abers&nbsp;\u00bb&#8230;<\/p>\n\n\n\n<p>En s&rsquo;appuyant sur la dynamique d&rsquo;\u00e9valuation et d&rsquo;accompagnement des atlas socio-culturels des rivi\u00e8res de Bretagne, le projet (Re)Source a pour ambition de continuer \u00e0 exp\u00e9rimenter des actions mettant en \u0153uvre ces approches culturelles tout en analysant ce qu\u2019elles produisent. A travers une dynamique d\u2019essaimage, il permet de poursuivre l\u2019accompagnement des territoires d\u00e9j\u00e0 mobilis\u00e9s et ceux \u00e0 venir par le partage d\u2019exp\u00e9rience et l\u2019animation de communaut\u00e9s apprenantes.<\/p>\n\n\n\n<h3 class=\"wp-block-heading\"><strong>Partenaires mobilis\u00e9s&nbsp;<\/strong>(cf cartographie des partenaires)<\/h3>\n\n\n\n<p>Pour cela nous avons invit\u00e9 diff\u00e9rents partenaires&nbsp;:<\/p>\n\n\n\n<ul class=\"wp-block-list\">\n<li>le laboratoire Espace et SOci\u00e9t\u00e9 de Rennes 2 (ESO) pour nous accompagner sur l\u2019analyse des pratiques et leur int\u00e9r\u00eat et cons\u00e9quence sur la gouvernance, ainsi que d\u2019autres chercheurs qui pourront intervenir de mani\u00e8re plus ponctuelle.<\/li>\n\n\n\n<li>l\u2019Assembl\u00e9e Permanente des pr\u00e9sidents de CLE de Bretagne (APPCB) pour la mobilisation des \u00e9lu.es de l\u2019eau.<\/li>\n\n\n\n<li>Des partenaires du milieux agricoles, la question de l\u2019eau \u00e9tant fortement li\u00e9 \u00e0 l\u2019agriculture en Bretagne.<\/li>\n\n\n\n<li>Des partenaires artistiques et culturels pour travailler sur la question de nos attachements et de notre relation aux vivant \u00e0 travers une approche sensible\u00a0: Cie Teatr Piba, Alexis Fichet avec le th\u00e9\u00e2tre du Strapontin, \u00e9cole des Beaux arts de Lorient.<\/li>\n\n\n\n<li>Deux territoires principaux que sont&nbsp;:\n<ul class=\"wp-block-list\">\n<li>le territoire des Abers sur lequel une dynamique enti\u00e8rement port\u00e9 par un collectif citoyen s\u2019est d\u00e9ploy\u00e9 en 2024 et qui s\u2019\u00e9tait rapproch\u00e9 d\u2019eau et Rivi\u00e8re d\u00e9s le d\u00e9but du projet.<\/li>\n\n\n\n<li>Le bassin versant du Scorff sur lequel Eau et Rivi\u00e8res \u00e0 travailler en lien avec des association locales dans le cadre de l\u2019Atlas socio-culturel de la Rade de Lorient, Scorff, Blavet.<\/li>\n<\/ul>\n<\/li>\n\n\n\n<li>Des territoires d\u2019essaimages que sont les autres Atlas et territoires souhaitant initier des d\u00e9marches de ce type pour travailler sur les questions de l\u2019eau.<\/li>\n<\/ul>\n\n\n\n<h3 class=\"wp-block-heading\"><strong>Point d\u2019\u00e9tape&nbsp;: <\/strong><strong>cf calendrier de l\u2019action<\/strong><\/h3>\n\n\n\n<p>Sur une invitation de Eau et Rivi\u00e8re de Bretagne, l&rsquo;APPCB et le laboratoire de recherche Espaces et SOci\u00e9t\u00e9s (ESO) CNRS de Rennes 2 se sont associ\u00e9s en r\u00e9pondant \u00e0 l\u2019appel \u00e0 projet \u00c9mergence accompagn\u00e9 par le dispositif TISSAGE pour \u00eatre accompagn\u00e9 sur <strong>l&rsquo;\u00e9laboration du cadre de travail de <\/strong><strong>(Re)Source pendant pr\u00e8s de 1 an.<\/strong> A partir de ces \u00e9changes, nous avons formul\u00e9 la <strong>question de recherche <\/strong>suivante&nbsp;:<\/p>\n\n\n\n<p>A partir des d\u00e9marches des Atlas socio-culturels et d\u2019autres initiatives en cours dans l\u2019espace breton, en quoi l\u2019approche culturelle d\u00e9velopp\u00e9e peut-elle nous donner des modalit\u00e9s et leviers d\u2019action pour :&nbsp;<\/p>\n\n\n\n<ul class=\"wp-block-list\">\n<li>\n<ul class=\"wp-block-list\">\n<li>la mobilisation des acteurs.rices en vu de la constitution de communaut\u00e9s d\u2019int\u00e9r\u00eat et d\u2019attachement (de la sensibilisation \u00e0 l&rsquo;appropriation des enjeux et \u00e0 l\u2019implication dans l\u2019action, de la protection \u00e0 la gouvernance).<\/li>\n\n\n\n<li>la prise en compte des questions socio-culturelles et de celles et ceux qui les portent en plus de l\u2019approche technique des questions relatives \u00e0 l\u2019eau dans la gouvernance de l\u2019eau<\/li>\n\n\n\n<li>les politiques publiques de l\u2019eau (approche int\u00e9gr\u00e9e et transversale, territorialisation\u2026).<\/li>\n<\/ul>\n<\/li>\n<\/ul>\n\n\n\n<p>Ces leviers d\u2019actions ont pour but d\u2019accompagner la compr\u00e9hension du r\u00f4le de la culture comme levier du dialogue environnemental et pour finalit\u00e9 le renforcement de la protection de l\u2019eau par toutes et tous.<\/p>\n\n\n\n<p>Cette d\u00e9marche a permis simultan\u00e9ment d\u2019affiner le axe de travail et d\u2019action du projet, de r\u00e9unir de partenaires et de chercher des financements permettant la mise en \u0153uvre op\u00e9rationnelle de le projet<strong> \u00e0 partir de 2025 <\/strong><strong>pour une dur\u00e9e de 3 ans.<\/strong><\/p>\n\n\n\n<p><strong>La premi\u00e8re ann\u00e9e <\/strong>permettra de construire une<strong> culture commune <\/strong>autour de l\u2019eau et de poursuivre l\u2019<strong>interconnaissance <\/strong>des partenaires permettant de travailler \u00e0 des actions et \u00e0 leur cadre de r\u00e9alisation et de les lancer.<\/p>\n\n\n\n<p><strong>Le deuxi\u00e8me <\/strong>ann\u00e9e sera d\u00e9di\u00e9e \u00e0 la <strong>poursuite de ces exp\u00e9rimentations<\/strong> tout en menant toujours en parall\u00e8le un volet <strong>d\u2019analyse<\/strong> des actions et de leur effet.<\/p>\n\n\n\n<p>Enfin la <strong>derni\u00e8re ann\u00e9e<\/strong> sera consacr\u00e9 \u00e0 la <strong>fin des actions,<\/strong> \u00e0 l\u2019exp\u00e9rimentation de leur <strong>reproductibilit\u00e9 et de leur partage<\/strong> et \u00e0 un temps de<strong> bilan collectif<\/strong> pour produire une \u00e9dition multi-modal m\u00ealant analyse scientifique, r\u00e9alisation artistique, t\u00e9moignages, pourquoi pas fiches ou protocole d\u2019actions&#8230;<\/p>\n\n\n\n<h3 class=\"wp-block-heading\"><strong>Gouvernance et co-construction<\/strong><\/h3>\n\n\n\n<p>Plusieurs r\u00e9unions de ce que nous avons nomm\u00e9 <strong>comit\u00e9 de pilotage <\/strong>ou Copil (Re)Source, ont permis de mieux nous conna\u00eetre et d\u2019\u00e9changer sur l\u2019int\u00e9r\u00eat de chacun de prendre part \u00e0 cette recherche-action.<\/p>\n\n\n\n<p>D\u2019autres rendez-vous ont permis d\u2019<strong>ouvrir aux autres partenaires <\/strong>du monde agricole, de la culture et des arts notamment de de commencer \u00e0 \u00e9changer sur la mani\u00e8re dont chacun peut s\u2019associer, des actions et les cadres propices pour les mettre en \u0153uvre. Ces partenaires dessinent le paysage des <strong>cotech<\/strong> qui r\u00e9uniront les acteurs de chaque territoire entre eux avec les membre du Copil.<\/p>\n\n\n\n<p>Enfin la <strong>participations \u00e0 des actions<\/strong> sur les deux territoires ont permis de nouer des liens avec les associations locales et de poursuivre notre <strong>inscription<\/strong><strong> dans ces territoires<\/strong>.<\/p>\n\n\n\n<p>La co-construction \u00e9labor\u00e9e d\u00e8s le d\u00e9but entend se poursuivre au cours des diff\u00e9rentes \u00e9tapes et avec les diff\u00e9rentes parties-prenantes qui s\u2019int\u00e9greront au fil du projet,notamment \u00e0 l\u2019occasion de hackathon qui auront pour objectif de permettre une formulation commune des probl\u00e9matiques rencontr\u00e9es et des axes de travail \u00e0 poursuivre.<\/p>\n\n\n\n<h3 class=\"wp-block-heading\"><strong>Actions envisag\u00e9es&nbsp;<\/strong><\/h3>\n\n\n\n<p>Les actions seront affin\u00e9es \u00e0 l\u2019occasion du premier hackathon qui aura lieu au d\u00e9but du projet permettant de travailler \u00e0 un calendrier d\u2019actions qui pourront commencer \u00e0 \u00eatre travailler concr\u00e8tement \u00e0 partir du printemps 2025&nbsp;;<\/p>\n\n\n\n<p>Pour autant des pistes ont dores et d\u00e9j\u00e0 \u00e9t\u00e9 formul\u00e9es. Il pourra ainsi s\u2019agir de :<\/p>\n\n\n\n<ul class=\"wp-block-list\">\n<li>marches exploratoires croisant des regards sensibles et scientifiques<\/li>\n\n\n\n<li>collectages de t\u00e9moignages<\/li>\n\n\n\n<li>cr\u00e9ation participatives<\/li>\n\n\n\n<li>ateliers avec les \u00e9coles croisant \u00e9ducation \u00e0 l\u2019environnement et \u00e9ducation artistique et culturelle<\/li>\n\n\n\n<li>ateliers ou action avec des \u00e9tudiant.es d\u2019\u00e9coles sup\u00e9rieures en science et en art<\/li>\n\n\n\n<li>formations autour des enjeux de l\u2019eau<\/li>\n\n\n\n<li>rencontres avec des chercheur.euses<\/li>\n\n\n\n<li>\u00e9v\u00e9nements pr\u00e9sentant les r\u00e9flexions ou cr\u00e9ations issues de ces explorations et exp\u00e9rimentations<\/li>\n<\/ul>\n\n\n\n<h3 class=\"wp-block-heading\"><strong>Carnet de Bord<\/strong><\/h3>\n\n\n\n<p>Vous pouvez d\u00e9couvrir l&rsquo;\u00e9volution du projet \u00e0 travers ses carnets de bord :<\/p>\n\n\n\n<ul class=\"wp-block-list\">\n<li><a href=\"https:\/\/www.eau-et-rivieres.org\/sites\/erb.fr\/files\/pdf\/Carnet%20de%20bord%201_compressed.pdf\">Carnet de Bord #1<\/a><\/li>\n\n\n\n<li><a href=\"https:\/\/www.eau-et-rivieres.org\/sites\/erb.fr\/files\/pdf\/Carnet%20de%20bord%20%232_compressed.pdf\">Carnet de Bord #2<\/a><\/li>\n<\/ul>\n\n\n\n<h4 class=\"wp-block-heading\"><strong>Plus d&rsquo;info <\/strong>:&nbsp; <a href=\"mailto:culture@eau-et-rivieres.org\">culture@eau-et-rivieres.org<\/a><\/h4>\n\n\n\n<h3 class=\"wp-block-heading\"><strong>Projet soutenu par<\/strong><\/h3>\n\n\n\n<figure class=\"wp-block-image size-full is-resized\"><img loading=\"lazy\" decoding=\"async\" width=\"225\" height=\"225\" src=\"https:\/\/atlas-rivieres.bzh\/wp-content\/uploads\/2023\/09\/Logo_region_Bretagne.png\" alt=\"Partenaire Re\u0301gion Bretagne\" class=\"wp-image-47\" style=\"width:167px;height:auto\" srcset=\"https:\/\/atlas-rivieres.bzh\/wp-content\/uploads\/2023\/09\/Logo_region_Bretagne.png 225w, https:\/\/atlas-rivieres.bzh\/wp-content\/uploads\/2023\/09\/Logo_region_Bretagne-150x150.png 150w\" sizes=\"auto, (max-width: 225px) 100vw, 225px\" \/><figcaption class=\"wp-element-caption\">Partenaire Re\u0301gion Bretagne<\/figcaption><\/figure>\n\n\n\n<figure class=\"wp-block-image size-full is-resized\"><img loading=\"lazy\" decoding=\"async\" width=\"200\" height=\"62\" src=\"https:\/\/atlas-rivieres.bzh\/wp-content\/uploads\/2025\/06\/Logo-yggdrasil.png\" alt=\"\" class=\"wp-image-445\" style=\"width:345px;height:auto\"\/><\/figure>\n\n\n\n<figure class=\"wp-block-image size-full is-resized\"><img loading=\"lazy\" decoding=\"async\" width=\"1000\" height=\"1000\" src=\"https:\/\/atlas-rivieres.bzh\/wp-content\/uploads\/2025\/06\/logo-fondation-de-france.png\" alt=\"\" class=\"wp-image-446\" style=\"width:240px;height:auto\" srcset=\"https:\/\/atlas-rivieres.bzh\/wp-content\/uploads\/2025\/06\/logo-fondation-de-france.png 1000w, https:\/\/atlas-rivieres.bzh\/wp-content\/uploads\/2025\/06\/logo-fondation-de-france-300x300.png 300w, https:\/\/atlas-rivieres.bzh\/wp-content\/uploads\/2025\/06\/logo-fondation-de-france-150x150.png 150w, https:\/\/atlas-rivieres.bzh\/wp-content\/uploads\/2025\/06\/logo-fondation-de-france-768x768.png 768w, https:\/\/atlas-rivieres.bzh\/wp-content\/uploads\/2025\/06\/logo-fondation-de-france-800x800.png 800w\" sizes=\"auto, (max-width: 1000px) 100vw, 1000px\" \/><\/figure>\n\n\n\n<p><\/p>\n","protected":false},"excerpt":{"rendered":"<p>(Re)Source est une recherche-action-cr\u00e9ation propos\u00e9e par Eau &amp; Rivi\u00e8res de Bretagne, le Laboratoire Espaces et Soci\u00e9t\u00e9s de Rennes 2 et l&rsquo;Assembl\u00e9e permanente des Pr\u00e9sidents de Commissions locales de l&rsquo;eau de Bretagne, en partenariat avec les habitant.e.s et acteur.rice.s du territoire de l&rsquo;Aber Wrac&rsquo;h et du Scorff. Ce comit\u00e9 de pilotage a co-construit le projet dans [&hellip;]<\/p>\n","protected":false},"author":4,"featured_media":444,"parent":0,"menu_order":0,"comment_status":"closed","ping_status":"closed","template":"","meta":{"footnotes":""},"class_list":["post-443","page","type-page","status-publish","has-post-thumbnail","hentry"],"_links":{"self":[{"href":"https:\/\/atlas-rivieres.bzh\/index.php\/wp-json\/wp\/v2\/pages\/443","targetHints":{"allow":["GET"]}}],"collection":[{"href":"https:\/\/atlas-rivieres.bzh\/index.php\/wp-json\/wp\/v2\/pages"}],"about":[{"href":"https:\/\/atlas-rivieres.bzh\/index.php\/wp-json\/wp\/v2\/types\/page"}],"author":[{"embeddable":true,"href":"https:\/\/atlas-rivieres.bzh\/index.php\/wp-json\/wp\/v2\/users\/4"}],"replies":[{"embeddable":true,"href":"https:\/\/atlas-rivieres.bzh\/index.php\/wp-json\/wp\/v2\/comments?post=443"}],"version-history":[{"count":5,"href":"https:\/\/atlas-rivieres.bzh\/index.php\/wp-json\/wp\/v2\/pages\/443\/revisions"}],"predecessor-version":[{"id":453,"href":"https:\/\/atlas-rivieres.bzh\/index.php\/wp-json\/wp\/v2\/pages\/443\/revisions\/453"}],"wp:featuredmedia":[{"embeddable":true,"href":"https:\/\/atlas-rivieres.bzh\/index.php\/wp-json\/wp\/v2\/media\/444"}],"wp:attachment":[{"href":"https:\/\/atlas-rivieres.bzh\/index.php\/wp-json\/wp\/v2\/media?parent=443"}],"curies":[{"name":"wp","href":"https:\/\/api.w.org\/{rel}","templated":true}]}}